{"id":9,"date":"2023-10-06T21:34:20","date_gmt":"2023-10-06T21:34:20","guid":{"rendered":"http:\/\/profdrmehmetakdag.com\/?page_id=9"},"modified":"2023-10-15T20:29:00","modified_gmt":"2023-10-15T20:29:00","slug":"hakkimizda","status":"publish","type":"page","link":"https:\/\/profdrmehmetakdag.com\/?page_id=9","title":{"rendered":"Hakk\u0131m\u0131zda"},"content":{"rendered":"\n<p><\/p>\n\n\n<div id=\"pl-gb9-69e21d6a8fd9c\"  class=\"panel-layout\" ><div id=\"pg-gb9-69e21d6a8fd9c-0\"  class=\"panel-grid panel-no-style\" ><div id=\"pgc-gb9-69e21d6a8fd9c-0-0\"  class=\"panel-grid-cell\" ><div id=\"panel-gb9-69e21d6a8fd9c-0-0-0\" class=\"so-panel widget widget_text panel-first-child panel-last-child\" data-index=\"0\" >\t\t\t<div class=\"textwidget\"><p><strong>Prof.Dr. Mehmet AKDA\u011e<\/strong><\/p>\n<p>TIP FAK\u00dcLTES\u0130 1987 &#8211; 1993<\/p>\n<p>D\u0130CLE \u00dcN\u0130VERS\u0130TES\u0130 TIP FAK\u00dcLTES\u0130, D\u0130YARBAKIR<\/p>\n<p>TIPTA UZMANLIK 1994 \u2013 1998 CUMHUR\u0130YET \u00dcN\u0130VERS\u0130TES\u0130 TIP FAK\u00dcLTES\u0130 KBB AD DA YAPTI.<\/p>\n<p>1998-2006 YILLARI ARASINDA D\u0130YARBAKIR DEVLET HASTANES\u0130NDE UZMAN OLARAK \u00c7ALI\u015eTI.<\/p>\n<p>2012-2015\u00a0 YILLARI ARASINDA D\u0130CLE \u00dcN\u0130VERS\u0130TES\u0130 TIP FAK\u00dcLTES\u0130NDE YARDIM\u00c7I DO\u00c7ENT<\/p>\n<p>2015 YILINDA DO\u00c7ENT<\/p>\n<p>2020 YILUNDA PRPFES\u00d6R OLDU.<\/p>\n<p>HALEN D\u0130CLE \u00dcN\u0130VERS\u0130TES\u0130 KULAK BURUN BO\u011eAZ ANAB\u0130L\u0130M DALINDA ANAB\u0130LK\u0130M BA\u015eKANI OLARAK G\u00d6REV YAPMAKTADIR.<\/p>\n<p><strong>YURT DI\u015eI 42 OLMAK \u00dcZERE 70\u2019E YAKIN MAKALELELER\u0130 MEVCUTTUR. AYRICA YURT \u0130\u00c7\u0130 VE YURTDI\u015eI YAKLA\u015eIK 100\u2019 E YAKIN PANEL, KURS,\u00a0 OTURUM BA\u015eKANLI\u011eI VE KONFERANSLAR VERM\u0130\u015eT\u0130R.<\/strong><\/p>\n<p>YURTDI\u015eI E\u011e\u0130T\u0130M OLARAK<\/p>\n<p><strong>2015 YILINDA \u0130NG\u0130LTERE UN\u0130TED COLLEAGE OF LONDON ENT CENTRE, LONDRA \u2018DA KULAK VE KAFA TABANI NDA OBSERVER OLARAK 2 AY \u00c7ALI\u015eTI.<\/strong><\/p>\n<p><strong>2013 YILINDA HOLLANDA RADBOUT \u00dcN\u0130VERS\u0130TES\u0130, N\u0130JMEGEN DE Y\u00dcZ VE ESTET\u0130K BURUN CERRAH\u0130 KURSU<\/strong><\/p>\n<p><strong>2016 YILINDA POLONYA, WAR\u015eOVA WORLD HEAR\u0130NG CENTRE, AVUSTURYA VE ALMANYA\u2019 DA KOKLEAR \u0130MPLANT KURSLARINA<\/strong><\/p>\n<p><strong>GAZ\u0130 \u00dcN\u0130VERS\u0130TES\u0130 KULAK BURUN BO\u011eAZ KL\u0130N\u0130\u011e\u0130NDE OTOLOJ\u0130 DE B\u0130R AY OBSERVER OLARAK KATILDI.<\/strong><\/p>\n<p>AYRICA<\/p>\n<p>KULAK BURUN BO\u011eAZ MESLE\u011e\u0130NDE YETERL\u0130L\u0130K SERT\u0130F\u0130KASI<\/p>\n<p>B\u0130OF\u0130Z\u0130K DOKTORASI<\/p>\n<p>\u00d6ZEL AKADEM\u0130 KBB MERKEZ\u0130 KURUCUSU<\/p>\n<p>D\u0130CLE \u00dcN\u0130VERS\u0130TES\u0130 TIP FAK\u00dcLTES\u0130 DEKAN YARDIMCILI\u011eI<\/p>\n<p>D\u0130CLE \u00dcN\u0130VERS\u0130TES\u0130 TIP FAK\u00dcLTES\u0130 FAK\u00dcLTE KURUL \u00dcYEL\u0130\u011e\u0130<\/p>\n<p>D\u0130CLE \u00dcN\u0130VERS\u0130TES\u0130 TIP FAK\u00dcLTES\u0130 Y\u00d6NET\u0130M KURUL \u00dcYEL\u0130\u011e\u0130<\/p>\n<p>D\u0130CLE \u00dcN\u0130VERS\u0130TES\u0130 TIP FAK\u00dcLTES\u0130 HASTANELER\u0130 BA\u015eHEK\u0130ML\u0130\u011e\u0130 YAPMI\u015eTIR.<\/p>\n<\/div>\n\t\t<\/div><\/div><\/div><\/div>","protected":false},"excerpt":{"rendered":"","protected":false},"author":1,"featured_media":0,"parent":0,"menu_order":0,"comment_status":"closed","ping_status":"closed","template":"","meta":{"footnotes":""},"class_list":["post-9","page","type-page","status-publish","hentry"],"_links":{"self":[{"href":"https:\/\/profdrmehmetakdag.com\/index.php?rest_route=\/wp\/v2\/pages\/9","targetHints":{"allow":["GET"]}}],"collection":[{"href":"https:\/\/profdrmehmetakdag.com\/index.php?rest_route=\/wp\/v2\/pages"}],"about":[{"href":"https:\/\/profdrmehmetakdag.com\/index.php?rest_route=\/wp\/v2\/types\/page"}],"author":[{"embeddable":true,"href":"https:\/\/profdrmehmetakdag.com\/index.php?rest_route=\/wp\/v2\/users\/1"}],"replies":[{"embeddable":true,"href":"https:\/\/profdrmehmetakdag.com\/index.php?rest_route=%2Fwp%2Fv2%2Fcomments&post=9"}],"version-history":[{"count":3,"href":"https:\/\/profdrmehmetakdag.com\/index.php?rest_route=\/wp\/v2\/pages\/9\/revisions"}],"predecessor-version":[{"id":197,"href":"https:\/\/profdrmehmetakdag.com\/index.php?rest_route=\/wp\/v2\/pages\/9\/revisions\/197"}],"wp:attachment":[{"href":"https:\/\/profdrmehmetakdag.com\/index.php?rest_route=%2Fwp%2Fv2%2Fmedia&parent=9"}],"curies":[{"name":"wp","href":"https:\/\/api.w.org\/{rel}","templated":true}]}}