{"id":198,"date":"2023-10-15T20:31:46","date_gmt":"2023-10-15T20:31:46","guid":{"rendered":"http:\/\/profdrmehmetakdag.com\/?page_id=198"},"modified":"2023-10-15T20:34:33","modified_gmt":"2023-10-15T20:34:33","slug":"yayinlar","status":"publish","type":"page","link":"https:\/\/profdrmehmetakdag.com\/?page_id=198","title":{"rendered":"Yay\u0131nlar"},"content":{"rendered":"<div id=\"pl-198\"  class=\"panel-layout\" ><div id=\"pg-198-0\"  class=\"panel-grid panel-no-style\" ><div id=\"pgc-198-0-0\"  class=\"panel-grid-cell\" ><div id=\"panel-198-0-0-0\" class=\"so-panel widget widget_text panel-first-child panel-last-child\" data-index=\"0\" >\t\t\t<div class=\"textwidget\"><p><strong>Bilimsel Yay\u0131nlar\u0131<\/strong><\/p>\n<p><strong>\u00b7 Kulak Burun Bo\u011faz, Ba\u015f ve Boyun Cerrahisi alan\u0131nda 50 yurt i\u00e7i ve yurt d\u0131\u015f\u0131 yay\u0131n,<\/strong><\/p>\n<p><strong>\u00b7 52 yurt i\u00e7i ve yurt d\u0131\u015f\u0131 kongre seminer ve kurs kat\u0131l\u0131m\u0131,<\/strong><\/p>\n<p><strong>\u00b7 20\u2019e yak\u0131n yurt i\u00e7i ve yurt d\u0131\u015f\u0131 bildiri ve sunum.<\/strong><\/p>\n<p><strong>Kat\u0131ld\u0131\u011f\u0131 Mesleki E\u011fitimler, Kurslar ve Konferanslar<\/strong><\/p>\n<p><strong>Gazi \u00dcniversitesi T\u0131p Fak\u00fcltesi Kulak Burun Bo\u011faz Anabilimdal\u0131nda Otoloji rotasyonu, Haziran,2013<\/strong><br \/>\n<strong>\u0130ngiltere Londra\u2019da United Collegiate of London\u2019un Ear Center\u2019de Observer olarak, Ekim-Kas\u0131m,2014<\/strong><br \/>\n<strong>Avrupa Otolaringoloji Derne\u011fi TEPONE kat\u0131l\u0131m\u0131<\/strong><br \/>\n<strong>KBB\u2019de Yeterlilik Sertifikas\u0131<\/strong><br \/>\n<strong>Interrnational Course of Reconstructive and Aestetic Surgery of Nose and Face, Nijmegan, Hollanda<\/strong><br \/>\n<strong>Certificate of Ear Surgery and Skull Base Surgery<\/strong><br \/>\n<strong>Biofizik Doktora e\u011fitimi (Tez a\u015famas\u0131nda)<\/strong><br \/>\n<strong>Otoloji ve N\u00f6ro-otoloji Okul Mezunu<\/strong><\/p>\n<\/div>\n\t\t<\/div><\/div><div id=\"pgc-198-0-1\"  class=\"panel-grid-cell\" ><div id=\"panel-198-0-1-0\" class=\"so-panel widget widget_media_image panel-first-child panel-last-child\" data-index=\"1\" ><img loading=\"lazy\" decoding=\"async\" width=\"350\" height=\"376\" src=\"https:\/\/profdrmehmetakdag.com\/wp-content\/uploads\/2023\/10\/Ghosh-ENT.jpg\" class=\"image wp-image-202  attachment-full size-full\" alt=\"\" style=\"max-width: 100%; height: auto;\" srcset=\"https:\/\/profdrmehmetakdag.com\/wp-content\/uploads\/2023\/10\/Ghosh-ENT.jpg 350w, https:\/\/profdrmehmetakdag.com\/wp-content\/uploads\/2023\/10\/Ghosh-ENT-279x300.jpg 279w\" sizes=\"auto, (max-width: 350px) 100vw, 350px\" \/><\/div><\/div><\/div><\/div>","protected":false},"excerpt":{"rendered":"<p>Bilimsel Yay\u0131nlar\u0131 \u00b7 Kulak Burun Bo\u011faz, Ba\u015f ve Boyun Cerrahisi alan\u0131nda 50 yurt i\u00e7i ve yurt d\u0131\u015f\u0131 yay\u0131n, \u00b7 52 yurt i\u00e7i ve yurt d\u0131\u015f\u0131 kongre seminer ve kurs kat\u0131l\u0131m\u0131, \u00b7 20\u2019e yak\u0131n yurt i\u00e7i ve yurt d\u0131\u015f\u0131 bildiri ve sunum. Kat\u0131ld\u0131\u011f\u0131 Mesleki E\u011fitimler, Kurslar ve Konferanslar Gazi \u00dcniversitesi T\u0131p Fak\u00fcltesi Kulak Burun Bo\u011faz Anabilimdal\u0131nda [&hellip;]<\/p>\n","protected":false},"author":1,"featured_media":0,"parent":0,"menu_order":0,"comment_status":"closed","ping_status":"closed","template":"","meta":{"footnotes":""},"class_list":["post-198","page","type-page","status-publish","hentry"],"_links":{"self":[{"href":"https:\/\/profdrmehmetakdag.com\/index.php?rest_route=\/wp\/v2\/pages\/198","targetHints":{"allow":["GET"]}}],"collection":[{"href":"https:\/\/profdrmehmetakdag.com\/index.php?rest_route=\/wp\/v2\/pages"}],"about":[{"href":"https:\/\/profdrmehmetakdag.com\/index.php?rest_route=\/wp\/v2\/types\/page"}],"author":[{"embeddable":true,"href":"https:\/\/profdrmehmetakdag.com\/index.php?rest_route=\/wp\/v2\/users\/1"}],"replies":[{"embeddable":true,"href":"https:\/\/profdrmehmetakdag.com\/index.php?rest_route=%2Fwp%2Fv2%2Fcomments&post=198"}],"version-history":[{"count":6,"href":"https:\/\/profdrmehmetakdag.com\/index.php?rest_route=\/wp\/v2\/pages\/198\/revisions"}],"predecessor-version":[{"id":206,"href":"https:\/\/profdrmehmetakdag.com\/index.php?rest_route=\/wp\/v2\/pages\/198\/revisions\/206"}],"wp:attachment":[{"href":"https:\/\/profdrmehmetakdag.com\/index.php?rest_route=%2Fwp%2Fv2%2Fmedia&parent=198"}],"curies":[{"name":"wp","href":"https:\/\/api.w.org\/{rel}","templated":true}]}}