{"id":119,"date":"2023-10-15T17:21:45","date_gmt":"2023-10-15T17:21:45","guid":{"rendered":"http:\/\/profdrmehmetakdag.com\/?page_id=119"},"modified":"2024-12-12T16:16:25","modified_gmt":"2024-12-12T16:16:25","slug":"ana-sayfa","status":"publish","type":"page","link":"https:\/\/profdrmehmetakdag.com\/","title":{"rendered":"Anasayfa"},"content":{"rendered":"<div id=\"pl-gb119-69e20dc826fe8\"  class=\"panel-layout wp-block-siteorigin-panels-layout-block\" ><div id=\"pg-gb119-69e20dc826fe8-0\"  class=\"panel-grid panel-no-style\" ><div id=\"pgc-gb119-69e20dc826fe8-0-0\"  class=\"panel-grid-cell\" ><div id=\"panel-gb119-69e20dc826fe8-0-0-0\" class=\"so-panel widget widget_text panel-first-child panel-last-child\" data-index=\"0\" >\t\t\t<div class=\"textwidget\"><ul>\n<li><strong>Burun t\u0131kan\u0131kl\u0131\u011f\u0131<\/strong><\/li>\n<li><strong>Horlama<\/strong><\/li>\n<li><strong>Bademcik Hastal\u0131\u011f\u0131<\/strong><\/li>\n<li><strong>Sin\u00fczit<\/strong><\/li>\n<li><strong>Geniz Eti Problemi<\/strong><\/li>\n<li><strong>Burun e\u011frili\u011fi<\/strong><\/li>\n<li><strong>Kulak Burun Bo\u011faz Hastal\u0131klar\u0131<\/strong><\/li>\n<li><strong>Ba\u015f D\u00f6nmeleri<\/strong><\/li>\n<li><strong>Ses K\u0131s\u0131kl\u0131\u011f\u0131<\/strong><\/li>\n<li><strong>Kulak \u00c7\u0131nlamas\u0131 (Tinnitus)<\/strong><\/li>\n<li><strong>\u0130\u015fitme Hastal\u0131klar\u0131<\/strong><\/li>\n<li><strong>Ba\u015f ve Boyun Kanserleri<\/strong><\/li>\n<li><strong><span class=\"text-body\">Bademcik Ameliyat\u0131<\/span><\/strong><\/li>\n<li><strong><span class=\"text-body\">Burun Esteti\u011fi<\/span><\/strong><\/li>\n<li><strong><span class=\"text-body\">Endoskopik Sin\u00fcs Cerrahisi<\/span><\/strong><\/li>\n<li><strong><span class=\"text-body\">Geniz Eti Ameliyat\u0131<\/span><\/strong><\/li>\n<li><strong><span class=\"text-body\">Horlama Cerrahisi<\/span><\/strong><\/li>\n<li><strong><span class=\"text-body\">Kulak T\u00fcp\u00fc Tak\u0131lmas\u0131<\/span><\/strong><\/li>\n<li><strong><span class=\"text-body\">Rinoplasti<\/span><\/strong><\/li>\n<li><strong><span class=\"text-body\">Septoplasti(Nazal Hava Yolu Cerrahisi)<\/span><\/strong><\/li>\n<li><strong><span class=\"text-body\">Sin\u00fcs Cerrahisi<\/span><\/strong><\/li>\n<li><strong><span class=\"text-body\">Timpanoplasti(Kulak Zar\u0131 Ameliyat\u0131)<\/span><\/strong><\/li>\n<\/ul>\n<\/div>\n\t\t<\/div><\/div><div id=\"pgc-gb119-69e20dc826fe8-0-1\"  class=\"panel-grid-cell\" ><div id=\"panel-gb119-69e20dc826fe8-0-1-0\" class=\"so-panel widget widget_media_image panel-first-child panel-last-child\" data-index=\"1\" ><img loading=\"lazy\" decoding=\"async\" width=\"889\" height=\"938\" src=\"https:\/\/profdrmehmetakdag.com\/wp-content\/uploads\/2024\/12\/m-akdag.jpg\" class=\"image wp-image-227  attachment-full size-full\" alt=\"\" style=\"max-width: 100%; height: auto;\" srcset=\"https:\/\/profdrmehmetakdag.com\/wp-content\/uploads\/2024\/12\/m-akdag.jpg 889w, https:\/\/profdrmehmetakdag.com\/wp-content\/uploads\/2024\/12\/m-akdag-284x300.jpg 284w, https:\/\/profdrmehmetakdag.com\/wp-content\/uploads\/2024\/12\/m-akdag-768x810.jpg 768w\" sizes=\"auto, (max-width: 889px) 100vw, 889px\" \/><\/div><\/div><\/div><\/div>","protected":false},"excerpt":{"rendered":"<p>Burun t\u0131kan\u0131kl\u0131\u011f\u0131 Horlama Bademcik Hastal\u0131\u011f\u0131 Sin\u00fczit Geniz Eti Problemi Burun e\u011frili\u011fi Kulak Burun Bo\u011faz Hastal\u0131klar\u0131 Ba\u015f D\u00f6nmeleri Ses K\u0131s\u0131kl\u0131\u011f\u0131 Kulak \u00c7\u0131nlamas\u0131 (Tinnitus) \u0130\u015fitme Hastal\u0131klar\u0131 Ba\u015f ve Boyun Kanserleri Bademcik Ameliyat\u0131 Burun Esteti\u011fi Endoskopik Sin\u00fcs Cerrahisi Geniz Eti Ameliyat\u0131 Horlama Cerrahisi Kulak T\u00fcp\u00fc Tak\u0131lmas\u0131 Rinoplasti Septoplasti(Nazal Hava Yolu Cerrahisi) Sin\u00fcs Cerrahisi Timpanoplasti(Kulak Zar\u0131 Ameliyat\u0131)<\/p>\n","protected":false},"author":1,"featured_media":0,"parent":0,"menu_order":0,"comment_status":"closed","ping_status":"closed","template":"","meta":{"footnotes":""},"class_list":["post-119","page","type-page","status-publish","hentry"],"_links":{"self":[{"href":"https:\/\/profdrmehmetakdag.com\/index.php?rest_route=\/wp\/v2\/pages\/119","targetHints":{"allow":["GET"]}}],"collection":[{"href":"https:\/\/profdrmehmetakdag.com\/index.php?rest_route=\/wp\/v2\/pages"}],"about":[{"href":"https:\/\/profdrmehmetakdag.com\/index.php?rest_route=\/wp\/v2\/types\/page"}],"author":[{"embeddable":true,"href":"https:\/\/profdrmehmetakdag.com\/index.php?rest_route=\/wp\/v2\/users\/1"}],"replies":[{"embeddable":true,"href":"https:\/\/profdrmehmetakdag.com\/index.php?rest_route=%2Fwp%2Fv2%2Fcomments&post=119"}],"version-history":[{"count":23,"href":"https:\/\/profdrmehmetakdag.com\/index.php?rest_route=\/wp\/v2\/pages\/119\/revisions"}],"predecessor-version":[{"id":229,"href":"https:\/\/profdrmehmetakdag.com\/index.php?rest_route=\/wp\/v2\/pages\/119\/revisions\/229"}],"wp:attachment":[{"href":"https:\/\/profdrmehmetakdag.com\/index.php?rest_route=%2Fwp%2Fv2%2Fmedia&parent=119"}],"curies":[{"name":"wp","href":"https:\/\/api.w.org\/{rel}","templated":true}]}}